{"id":176,"date":"2025-06-05T22:08:14","date_gmt":"2025-06-05T22:08:14","guid":{"rendered":"https:\/\/semujer.gob.hn\/?page_id=176"},"modified":"2025-06-05T22:27:44","modified_gmt":"2025-06-05T22:27:44","slug":"preguntas-frecuentes","status":"publish","type":"page","link":"https:\/\/semujer.gob.hn\/index.php\/preguntas-frecuentes\/","title":{"rendered":"Preguntas Frecuentes"},"content":{"rendered":"\t\t<div data-elementor-type=\"wp-page\" data-elementor-id=\"176\" class=\"elementor elementor-176\">\n\t\t\t\t<div class=\"elementor-element elementor-element-cd4264b e-flex e-con-boxed elementor-invisible e-con e-parent\" data-id=\"cd4264b\" data-element_type=\"container\" data-settings=\"{&quot;background_background&quot;:&quot;classic&quot;,&quot;animation&quot;:&quot;slideInUp&quot;}\">\n\t\t\t\t\t<div class=\"e-con-inner\">\n\t\t\t\t<div class=\"elementor-element elementor-element-2c2bb9a elementor-widget elementor-widget-heading\" data-id=\"2c2bb9a\" data-element_type=\"widget\" data-widget_type=\"heading.default\">\n\t\t\t\t<div class=\"elementor-widget-container\">\n\t\t\t\t\t<h2 class=\"elementor-heading-title elementor-size-default\"><br>Preguntas Frecuentes<\/h2>\t\t\t\t<\/div>\n\t\t\t\t<\/div>\n\t\t\t\t\t<\/div>\n\t\t\t\t<\/div>\n\t\t<div class=\"elementor-element elementor-element-4198024 e-flex e-con-boxed elementor-invisible e-con e-parent\" data-id=\"4198024\" data-element_type=\"container\" data-settings=\"{&quot;background_background&quot;:&quot;classic&quot;,&quot;animation&quot;:&quot;fadeInLeft&quot;}\">\n\t\t\t\t\t<div class=\"e-con-inner\">\n\t\t\t\t<div class=\"elementor-element elementor-element-ab3f62d elementor-widget elementor-widget-heading\" data-id=\"ab3f62d\" data-element_type=\"widget\" data-widget_type=\"heading.default\">\n\t\t\t\t<div class=\"elementor-widget-container\">\n\t\t\t\t\t<h3 class=\"elementor-heading-title elementor-size-default\">Encuentre respuestas a sus preguntas.<\/h3>\t\t\t\t<\/div>\n\t\t\t\t<\/div>\n\t\t\t\t\t<\/div>\n\t\t\t\t<\/div>\n\t\t<div class=\"elementor-element elementor-element-0c1846a e-flex e-con-boxed e-con e-parent\" data-id=\"0c1846a\" data-element_type=\"container\">\n\t\t\t\t\t<div class=\"e-con-inner\">\n\t\t\t\t<div class=\"elementor-element elementor-element-733cafe elementor-widget elementor-widget-spacer\" data-id=\"733cafe\" data-element_type=\"widget\" data-widget_type=\"spacer.default\">\n\t\t\t\t<div class=\"elementor-widget-container\">\n\t\t\t\t\t\t\t<div class=\"elementor-spacer\">\n\t\t\t<div class=\"elementor-spacer-inner\"><\/div>\n\t\t<\/div>\n\t\t\t\t\t\t<\/div>\n\t\t\t\t<\/div>\n\t\t\t\t<div class=\"elementor-element elementor-element-35e3ae3 elementor-widget elementor-widget-eael-adv-accordion\" data-id=\"35e3ae3\" data-element_type=\"widget\" data-widget_type=\"eael-adv-accordion.default\">\n\t\t\t\t<div class=\"elementor-widget-container\">\n\t\t\t\t\t        <div class=\"eael-adv-accordion\" id=\"eael-adv-accordion-35e3ae3\" data-scroll-on-click=\"no\" data-scroll-speed=\"300\" data-accordion-id=\"35e3ae3\" data-accordion-type=\"accordion\" data-toogle-speed=\"300\">\n    <div class=\"eael-accordion-list\">\n                <div id=\"qu-es-la-secretara-de-asuntos-de-la-mujer\" class=\"elementor-tab-title eael-accordion-header\" tabindex=\"0\" data-tab=\"1\" aria-controls=\"elementor-tab-content-5651\"><span class=\"eael-advanced-accordion-icon-closed\"><svg aria-hidden=\"true\" class=\"fa-accordion-icon e-font-icon-svg e-fas-plus\" viewBox=\"0 0 448 512\" xmlns=\"http:\/\/www.w3.org\/2000\/svg\"><path d=\"M416 208H272V64c0-17.67-14.33-32-32-32h-32c-17.67 0-32 14.33-32 32v144H32c-17.67 0-32 14.33-32 32v32c0 17.67 14.33 32 32 32h144v144c0 17.67 14.33 32 32 32h32c17.67 0 32-14.33 32-32V304h144c17.67 0 32-14.33 32-32v-32c0-17.67-14.33-32-32-32z\"><\/path><\/svg><\/span><span class=\"eael-advanced-accordion-icon-opened\"><svg aria-hidden=\"true\" class=\"fa-accordion-icon e-font-icon-svg e-fas-minus\" viewBox=\"0 0 448 512\" xmlns=\"http:\/\/www.w3.org\/2000\/svg\"><path d=\"M416 208H32c-17.67 0-32 14.33-32 32v32c0 17.67 14.33 32 32 32h384c17.67 0 32-14.33 32-32v-32c0-17.67-14.33-32-32-32z\"><\/path><\/svg><\/span><span class=\"eael-accordion-tab-title\">\u00bfQu\u00e9 es la Secretar\u00eda de Asuntos de la Mujer?<\/span><svg aria-hidden=\"true\" class=\"fa-toggle e-font-icon-svg e-fas-angle-right\" viewBox=\"0 0 256 512\" xmlns=\"http:\/\/www.w3.org\/2000\/svg\"><path d=\"M224.3 273l-136 136c-9.4 9.4-24.6 9.4-33.9 0l-22.6-22.6c-9.4-9.4-9.4-24.6 0-33.9l96.4-96.4-96.4-96.4c-9.4-9.4-9.4-24.6 0-33.9L54.3 103c9.4-9.4 24.6-9.4 33.9 0l136 136c9.5 9.4 9.5 24.6.1 34z\"><\/path><\/svg><\/div><div id=\"elementor-tab-content-5651\" class=\"eael-accordion-content clearfix\" data-tab=\"1\" aria-labelledby=\"qu-es-la-secretara-de-asuntos-de-la-mujer\"><p>La Secretar\u00eda de Estado en el Despacho de Asuntos de la Mujer (SEMUJER), es el \u00f3rgano rector responsable de promover la justicia de g\u00e9nero, la igualdad de derechos y oportunidades plenas para las mujeres en la vida pol\u00edtica, cultural, econ\u00f3mica, social y en el desarrollo sostenible del pa\u00eds; as\u00ed como de la eliminaci\u00f3n de toda forma de discriminaci\u00f3n, exclusi\u00f3n y violencia por razones de g\u00e9nero u otra forma lesiva a la dignidad humana de las mujeres.<\/p><\/div>\n                <\/div><div class=\"eael-accordion-list\">\n                <div id=\"cules-son-las-funciones-de-la-secretara-de-asuntos-de-la-mujer\" class=\"elementor-tab-title eael-accordion-header\" tabindex=\"0\" data-tab=\"2\" aria-controls=\"elementor-tab-content-5652\"><span class=\"eael-advanced-accordion-icon-closed\"><svg aria-hidden=\"true\" class=\"fa-accordion-icon e-font-icon-svg e-fas-plus\" viewBox=\"0 0 448 512\" xmlns=\"http:\/\/www.w3.org\/2000\/svg\"><path d=\"M416 208H272V64c0-17.67-14.33-32-32-32h-32c-17.67 0-32 14.33-32 32v144H32c-17.67 0-32 14.33-32 32v32c0 17.67 14.33 32 32 32h144v144c0 17.67 14.33 32 32 32h32c17.67 0 32-14.33 32-32V304h144c17.67 0 32-14.33 32-32v-32c0-17.67-14.33-32-32-32z\"><\/path><\/svg><\/span><span class=\"eael-advanced-accordion-icon-opened\"><svg aria-hidden=\"true\" class=\"fa-accordion-icon e-font-icon-svg e-fas-minus\" viewBox=\"0 0 448 512\" xmlns=\"http:\/\/www.w3.org\/2000\/svg\"><path d=\"M416 208H32c-17.67 0-32 14.33-32 32v32c0 17.67 14.33 32 32 32h384c17.67 0 32-14.33 32-32v-32c0-17.67-14.33-32-32-32z\"><\/path><\/svg><\/span><span class=\"eael-accordion-tab-title\">\u00bfCu\u00e1les son las funciones de la Secretar\u00eda de Asuntos de la Mujer?<\/span><svg aria-hidden=\"true\" class=\"fa-toggle e-font-icon-svg e-fas-angle-right\" viewBox=\"0 0 256 512\" xmlns=\"http:\/\/www.w3.org\/2000\/svg\"><path d=\"M224.3 273l-136 136c-9.4 9.4-24.6 9.4-33.9 0l-22.6-22.6c-9.4-9.4-9.4-24.6 0-33.9l96.4-96.4-96.4-96.4c-9.4-9.4-9.4-24.6 0-33.9L54.3 103c9.4-9.4 24.6-9.4 33.9 0l136 136c9.5 9.4 9.5 24.6.1 34z\"><\/path><\/svg><\/div><div id=\"elementor-tab-content-5652\" class=\"eael-accordion-content clearfix\" data-tab=\"2\" aria-labelledby=\"cules-son-las-funciones-de-la-secretara-de-asuntos-de-la-mujer\"><p>Funciones y competencias de la Secretar\u00eda de Asuntos de la Mujer establecidas en PCM 23-2023, secci\u00f3n vig\u00e9sima, ART\u00cdCULO 87-S:<\/p><p>Compete a la Secretar\u00eda de Estado en el Despacho de Asuntos de la Mujer (SEMUJER):<\/p><p>1. Impulsar la incorporaci\u00f3n de la perspectiva de g\u00e9nero e interseccionalidad en la planeaci\u00f3n estrat\u00e9gica nacional y sectorial del desarrollo del pa\u00eds, y en la programaci\u00f3n de toda la Administraci\u00f3n P\u00fablica Central, Desconcentrada, Descentralizada, Aut\u00f3noma y los Poderes del Estado, para deconstruir la sociedad patriarcal y las relaciones desiguales de poder, as\u00ed como erradicar todas las formas de violencias contra las mujeres. Para ello, todas las instituciones p\u00fablicas del Estado fortalecer\u00e1n o crear\u00e1n mecanismos de g\u00e9nero destinados a promover el mejoramiento de las condiciones de las mujeres y se coordinar\u00e1n con la Secretar\u00eda de Estado en el Despacho de Asuntos de la Mujer (SEMUJER) para implementar las medidas de acciones afirmativas y dem\u00e1s estrategias que promuevan cambios de actitudes, valores y comportamientos en favor de los derechos de las mujeres, as\u00ed como fortalecer los servicios de atenci\u00f3n integral a las v\u00edctimas y sobrevivientes de la violencia de g\u00e9nero, de acuerdo a sus competencias;<\/p><p>2. Formular, desarrollar, dirigir y coordinar las Pol\u00edticas P\u00fablicas Nacionales para las Mujeres, los planes de acci\u00f3n que la operativicen y las pol\u00edticas p\u00fablicas con enfoque de g\u00e9nero que implementen sus ejes estrat\u00e9gicos. Para ello, se deber\u00e1 fortalecer el Observatorio Nacional de G\u00e9nero (ONAG) para desarrollar capacidades y asegurar la generaci\u00f3n, producci\u00f3n y an\u00e1lisis de estad\u00edsticas con enfoque de g\u00e9nero, de calidad, confiabilidad, utilidad y pertinencia que visibilicen las situaciones de desigualdad y violencia que enfrentan las mujeres, obtenidas de los informes trimestrales remitidos por los mecanismos de g\u00e9nero de todas las instituciones p\u00fablicas del Estado;<\/p><p>3. Monitorear y evaluar la efectividad, pertinencia, transparencia y uso de recursos de todas las leyes, pol\u00edticas p\u00fablicas, planes, programas y proyectos desarrolladas a nivel local, municipal, regional y nacional en materia de g\u00e9nero, para continuar o readecuar su implementaci\u00f3n a fin de maximizar el impacto positivo en favor de los<\/p><p>derechos humanos de las mujeres y las ni\u00f1as. Para ello, deber\u00e1 coordinar, supervisar y evaluar los procesos de planeaci\u00f3n estrat\u00e9gica y programaci\u00f3n del presupuesto nacional de la Rep\u00fablica y dem\u00e1s inversiones p\u00fablicas, incluyendo donaciones de cooperaci\u00f3n internacional, de conformidad con el presupuesto sensible al g\u00e9nero legalmente exigible estipulado en la Ley General del Presupuesto;<\/p><p>4. Promover, asesorar y apoyar las acciones de los Poderes del Estado en materia de igualdad y justicia de g\u00e9nero, respetando la separaci\u00f3n de poderes. Asimismo, asesorar y coordinar con la Asociaci\u00f3n de Municipios de Honduras (AMHON) y los gobiernos municipales, la adopci\u00f3n de pol\u00edticas, planes, programas y proyectos con enfoque de g\u00e9nero, a trav\u00e9s del fortalecimiento de las Oficinas Municipales de la Mujer (OMM);<\/p><p>5. Asesorar y promover la armonizaci\u00f3n de la normativa nacional a los Instrumentos Internacionales que contemplan derechos de las mujeres, ratificados por el Estado de Honduras, presentando para tal efecto los proyectos de Ley al \u00d3rgano Legislativo, y emitiendo los actos administrativos pertinentes de conformidad con la legislaci\u00f3n nacional. De igual forma, vigilar y garantizar la aplicaci\u00f3n y cumplimiento de las Declaraciones, Convenios, Convenciones, Tratados, Instrumentos Internacionales y Leyes que promueven los derechos humanos de las mujeres; as\u00ed como difundir sus contenidos;<\/p><p>6. Establecer y fortalecer alianzas estrat\u00e9gicas con actores diversos para promover y garantizar la justicia de g\u00e9nero, la igualdad de derechos y oportunidades plenas para las mujeres, especialmente con organizaciones nacionales e internacionales, Organizaciones Privadas de Desarrollo (OPD), Organizaciones No Gubernamentales (ONG) y el sector privado. Para ello, adoptar\u00e1 las medidas necesarias que eficienticen la gesti\u00f3n y el uso de recursos; y,<\/p><p>7. Aprobar los Reglamentos que regular\u00e1n su funcionamiento; y las dem\u00e1s que le sean asignadas por disposici\u00f3n legal o administrativa y que por su competencia o dependencia le correspondan.<\/p><\/div>\n                <\/div><div class=\"eael-accordion-list\">\n                <div id=\"dnde-estn-ubicadas-las-instalaciones-de-semujer\" class=\"elementor-tab-title eael-accordion-header\" tabindex=\"0\" data-tab=\"3\" aria-controls=\"elementor-tab-content-5653\"><span class=\"eael-advanced-accordion-icon-closed\"><svg aria-hidden=\"true\" class=\"fa-accordion-icon e-font-icon-svg e-fas-plus\" viewBox=\"0 0 448 512\" xmlns=\"http:\/\/www.w3.org\/2000\/svg\"><path d=\"M416 208H272V64c0-17.67-14.33-32-32-32h-32c-17.67 0-32 14.33-32 32v144H32c-17.67 0-32 14.33-32 32v32c0 17.67 14.33 32 32 32h144v144c0 17.67 14.33 32 32 32h32c17.67 0 32-14.33 32-32V304h144c17.67 0 32-14.33 32-32v-32c0-17.67-14.33-32-32-32z\"><\/path><\/svg><\/span><span class=\"eael-advanced-accordion-icon-opened\"><svg aria-hidden=\"true\" class=\"fa-accordion-icon e-font-icon-svg e-fas-minus\" viewBox=\"0 0 448 512\" xmlns=\"http:\/\/www.w3.org\/2000\/svg\"><path d=\"M416 208H32c-17.67 0-32 14.33-32 32v32c0 17.67 14.33 32 32 32h384c17.67 0 32-14.33 32-32v-32c0-17.67-14.33-32-32-32z\"><\/path><\/svg><\/span><span class=\"eael-accordion-tab-title\">\u00bfD\u00f3nde est\u00e1n ubicadas las instalaciones de SEMUJER?<\/span><svg aria-hidden=\"true\" class=\"fa-toggle e-font-icon-svg e-fas-angle-right\" viewBox=\"0 0 256 512\" xmlns=\"http:\/\/www.w3.org\/2000\/svg\"><path d=\"M224.3 273l-136 136c-9.4 9.4-24.6 9.4-33.9 0l-22.6-22.6c-9.4-9.4-9.4-24.6 0-33.9l96.4-96.4-96.4-96.4c-9.4-9.4-9.4-24.6 0-33.9L54.3 103c9.4-9.4 24.6-9.4 33.9 0l136 136c9.5 9.4 9.5 24.6.1 34z\"><\/path><\/svg><\/div><div id=\"elementor-tab-content-5653\" class=\"eael-accordion-content clearfix\" data-tab=\"3\" aria-labelledby=\"dnde-estn-ubicadas-las-instalaciones-de-semujer\"><p>Centro C\u00edvico Gubernamental \u201cJos\u00e9 Cecilio del valle\u201d Torre II, Piso 13, Tegucigalpa Honduras, C.A.<\/p><\/div>\n                <\/div><div class=\"eael-accordion-list\">\n                <div id=\"qu-servicios-ofrece-la-semujer\" class=\"elementor-tab-title eael-accordion-header\" tabindex=\"0\" data-tab=\"4\" aria-controls=\"elementor-tab-content-5654\"><span class=\"eael-advanced-accordion-icon-closed\"><svg aria-hidden=\"true\" class=\"fa-accordion-icon e-font-icon-svg e-fas-plus\" viewBox=\"0 0 448 512\" xmlns=\"http:\/\/www.w3.org\/2000\/svg\"><path d=\"M416 208H272V64c0-17.67-14.33-32-32-32h-32c-17.67 0-32 14.33-32 32v144H32c-17.67 0-32 14.33-32 32v32c0 17.67 14.33 32 32 32h144v144c0 17.67 14.33 32 32 32h32c17.67 0 32-14.33 32-32V304h144c17.67 0 32-14.33 32-32v-32c0-17.67-14.33-32-32-32z\"><\/path><\/svg><\/span><span class=\"eael-advanced-accordion-icon-opened\"><svg aria-hidden=\"true\" class=\"fa-accordion-icon e-font-icon-svg e-fas-minus\" viewBox=\"0 0 448 512\" xmlns=\"http:\/\/www.w3.org\/2000\/svg\"><path d=\"M416 208H32c-17.67 0-32 14.33-32 32v32c0 17.67 14.33 32 32 32h384c17.67 0 32-14.33 32-32v-32c0-17.67-14.33-32-32-32z\"><\/path><\/svg><\/span><span class=\"eael-accordion-tab-title\">\u00bfQu\u00e9 servicios ofrece la SEMUJER?<\/span><svg aria-hidden=\"true\" class=\"fa-toggle e-font-icon-svg e-fas-angle-right\" viewBox=\"0 0 256 512\" xmlns=\"http:\/\/www.w3.org\/2000\/svg\"><path d=\"M224.3 273l-136 136c-9.4 9.4-24.6 9.4-33.9 0l-22.6-22.6c-9.4-9.4-9.4-24.6 0-33.9l96.4-96.4-96.4-96.4c-9.4-9.4-9.4-24.6 0-33.9L54.3 103c9.4-9.4 24.6-9.4 33.9 0l136 136c9.5 9.4 9.5 24.6.1 34z\"><\/path><\/svg><\/div><div id=\"elementor-tab-content-5654\" class=\"eael-accordion-content clearfix\" data-tab=\"4\" aria-labelledby=\"qu-servicios-ofrece-la-semujer\"><p>La SEMUJER coordina dos m\u00f3dulos dentro del programa presidencial ciudad mujer a trav\u00e9s de los cuales se prestan los siguientes servicios:<\/p><p>En el M\u00f3dulo de Atenci\u00f3n y Protecci\u00f3n a los Derechos de las Mujeres:<\/p><p>&#8211; Atenci\u00f3n psicol\u00f3gica y social (grupos de autoayuda, intervenci\u00f3n en crisis y atenci\u00f3n psicol\u00f3gica individual).<\/p><p>&#8211; Representaci\u00f3n y defensa (recepci\u00f3n de denuncias, presentaci\u00f3n de casos, asistencia t\u00e9cnica jur\u00eddica).<\/p><p>&#8211; Asesor\u00eda y representaci\u00f3n legal (laboral, civil, familiar).<\/p><p>&#8211; Asistencia policial (protecci\u00f3n de v\u00edctimas, acompa\u00f1amiento e investigaci\u00f3n).<\/p><p>En el M\u00f3dulo de Educaci\u00f3n Comunitaria:<\/p><p>&#8211; Adaptaci\u00f3n de modelos educativos e intervenci\u00f3n comunitaria para adolescentes, mujeres y hombres j\u00f3venes.<\/p><p>&#8211; Iniciativa preventiva con madres, padres y\/o tutores para generar cambios en actitudes y patrones culturales.<\/p><p>&#8211; Programa de formaci\u00f3n de formadoras y formadores en g\u00e9nero y derechos humanos de las mujeres.<\/p><\/div>\n                <\/div><div class=\"eael-accordion-list\">\n                <div id=\"dnde-estn-ubicados-los-centros-ciudad-mujer-donde-la-semujer-coordina-los-mdulos-de-maprodem-y-mec\" class=\"elementor-tab-title eael-accordion-header\" tabindex=\"0\" data-tab=\"5\" aria-controls=\"elementor-tab-content-5655\"><span class=\"eael-advanced-accordion-icon-closed\"><svg aria-hidden=\"true\" class=\"fa-accordion-icon e-font-icon-svg e-fas-plus\" viewBox=\"0 0 448 512\" xmlns=\"http:\/\/www.w3.org\/2000\/svg\"><path d=\"M416 208H272V64c0-17.67-14.33-32-32-32h-32c-17.67 0-32 14.33-32 32v144H32c-17.67 0-32 14.33-32 32v32c0 17.67 14.33 32 32 32h144v144c0 17.67 14.33 32 32 32h32c17.67 0 32-14.33 32-32V304h144c17.67 0 32-14.33 32-32v-32c0-17.67-14.33-32-32-32z\"><\/path><\/svg><\/span><span class=\"eael-advanced-accordion-icon-opened\"><svg aria-hidden=\"true\" class=\"fa-accordion-icon e-font-icon-svg e-fas-minus\" viewBox=\"0 0 448 512\" xmlns=\"http:\/\/www.w3.org\/2000\/svg\"><path d=\"M416 208H32c-17.67 0-32 14.33-32 32v32c0 17.67 14.33 32 32 32h384c17.67 0 32-14.33 32-32v-32c0-17.67-14.33-32-32-32z\"><\/path><\/svg><\/span><span class=\"eael-accordion-tab-title\">\u00bfD\u00f3nde est\u00e1n ubicados los centros ciudad Mujer donde la SEMUJER coordina los m\u00f3dulos de MAPRODEM y MEC?<\/span><svg aria-hidden=\"true\" class=\"fa-toggle e-font-icon-svg e-fas-angle-right\" viewBox=\"0 0 256 512\" xmlns=\"http:\/\/www.w3.org\/2000\/svg\"><path d=\"M224.3 273l-136 136c-9.4 9.4-24.6 9.4-33.9 0l-22.6-22.6c-9.4-9.4-9.4-24.6 0-33.9l96.4-96.4-96.4-96.4c-9.4-9.4-9.4-24.6 0-33.9L54.3 103c9.4-9.4 24.6-9.4 33.9 0l136 136c9.5 9.4 9.5 24.6.1 34z\"><\/path><\/svg><\/div><div id=\"elementor-tab-content-5655\" class=\"eael-accordion-content clearfix\" data-tab=\"5\" aria-labelledby=\"dnde-estn-ubicados-los-centros-ciudad-mujer-donde-la-semujer-coordina-los-mdulos-de-maprodem-y-mec\"><p>Centro Ciudad Mujer Tegucigalpa: Colonia Kennedy, segunda entrada, una cuadra antes del estadio Emilio Larach.<\/p><p>Centro Ciudad Mujer Choloma: Colonia Valle de Sula 3, sector L\u00f3pez Arellano, atr\u00e1s de la colonia Las Colinas, Choloma, Cort\u00e9s.<\/p><p>Centro Ciudad Mujer San Pedro Sula: Colonia Municipal, Sector Calpules, pasaje las flores, al este de la Ciudad de San Pedro Sula, contiguo a la escuela Froylan Turcios.<\/p><p>Centro Ciudad Mujer La Ceiba: Colonia La Florida, a un costado de la C\u00e1mara de Comercio e Industrias de Atl\u00e1ntida.<\/p><p>Centro Ciudad Mujer Juticalpa: Residencial Villa Santa, a 3 kil\u00f3metros del desv\u00edo a la aldea La Empalizada, carretera que conecta al municipio de San Francisco de Becerra.<\/p><p>Centro Ciudad Mujer Choluteca: Santa Ana de Yusguare, Kil\u00f3metro 5 carretera Panamericana, salida a San Marcos de Col\u00f3n.<\/p><\/div>\n                <\/div><\/div>\t\t\t\t<\/div>\n\t\t\t\t<\/div>\n\t\t\t\t<div class=\"elementor-element elementor-element-4eb0311 elementor-widget elementor-widget-spacer\" data-id=\"4eb0311\" data-element_type=\"widget\" data-widget_type=\"spacer.default\">\n\t\t\t\t<div class=\"elementor-widget-container\">\n\t\t\t\t\t\t\t<div class=\"elementor-spacer\">\n\t\t\t<div class=\"elementor-spacer-inner\"><\/div>\n\t\t<\/div>\n\t\t\t\t\t\t<\/div>\n\t\t\t\t<\/div>\n\t\t\t\t\t<\/div>\n\t\t\t\t<\/div>\n\t\t\t\t<\/div>\n\t\t","protected":false},"excerpt":{"rendered":"<p>Preguntas Frecuentes Encuentre respuestas a sus preguntas. \u00bfQu\u00e9 es la Secretar\u00eda de Asuntos de la Mujer? La Secretar\u00eda de Estado [&hellip;]<\/p>\n","protected":false},"author":1,"featured_media":0,"parent":0,"menu_order":0,"comment_status":"closed","ping_status":"closed","template":"","meta":{"site-sidebar-layout":"no-sidebar","site-content-layout":"","ast-site-content-layout":"full-width-container","site-content-style":"default","site-sidebar-style":"default","ast-global-header-display":"","ast-banner-title-visibility":"","ast-main-header-display":"","ast-hfb-above-header-display":"","ast-hfb-below-header-display":"","ast-hfb-mobile-header-display":"","site-post-title":"disabled","ast-breadcrumbs-content":"","ast-featured-img":"disabled","footer-sml-layout":"","theme-transparent-header-meta":"","adv-header-id-meta":"","stick-header-meta":"","header-above-stick-meta":"","header-main-stick-meta":"","header-below-stick-meta":"","astra-migrate-meta-layouts":"default","ast-page-background-enabled":"default","ast-page-background-meta":{"desktop":{"background-color":"var(--ast-global-color-5)","background-image":"","background-repeat":"repeat","background-position":"center center","background-size":"auto","background-attachment":"scroll","background-type":"","background-media":"","overlay-type":"","overlay-color":"","overlay-opacity":"","overlay-gradient":""},"tablet":{"background-color":"","background-image":"","background-repeat":"repeat","background-position":"center center","background-size":"auto","background-attachment":"scroll","background-type":"","background-media":"","overlay-type":"","overlay-color":"","overlay-opacity":"","overlay-gradient":""},"mobile":{"background-color":"","background-image":"","background-repeat":"repeat","background-position":"center center","background-size":"auto","background-attachment":"scroll","background-type":"","background-media":"","overlay-type":"","overlay-color":"","overlay-opacity":"","overlay-gradient":""}},"ast-content-background-meta":{"desktop":{"background-color":"var(--ast-global-color-4)","background-image":"","background-repeat":"repeat","background-position":"center center","background-size":"auto","background-attachment":"scroll","background-type":"","background-media":"","overlay-type":"","overlay-color":"","overlay-opacity":"","overlay-gradient":""},"tablet":{"background-color":"var(--ast-global-color-4)","background-image":"","background-repeat":"repeat","background-position":"center center","background-size":"auto","background-attachment":"scroll","background-type":"","background-media":"","overlay-type":"","overlay-color":"","overlay-opacity":"","overlay-gradient":""},"mobile":{"background-color":"var(--ast-global-color-4)","background-image":"","background-repeat":"repeat","background-position":"center center","background-size":"auto","background-attachment":"scroll","background-type":"","background-media":"","overlay-type":"","overlay-color":"","overlay-opacity":"","overlay-gradient":""}},"footnotes":""},"class_list":["post-176","page","type-page","status-publish","hentry"],"rttpg_featured_image_url":null,"rttpg_author":{"display_name":"admin","author_link":"https:\/\/semujer.gob.hn\/index.php\/author\/admin_hg714ki6\/"},"rttpg_comment":0,"rttpg_category":null,"rttpg_excerpt":"Preguntas Frecuentes Encuentre respuestas a sus preguntas. \u00bfQu\u00e9 es la Secretar\u00eda de Asuntos de la Mujer? La Secretar\u00eda de Estado [&hellip;]","_links":{"self":[{"href":"https:\/\/semujer.gob.hn\/index.php\/wp-json\/wp\/v2\/pages\/176","targetHints":{"allow":["GET"]}}],"collection":[{"href":"https:\/\/semujer.gob.hn\/index.php\/wp-json\/wp\/v2\/pages"}],"about":[{"href":"https:\/\/semujer.gob.hn\/index.php\/wp-json\/wp\/v2\/types\/page"}],"author":[{"embeddable":true,"href":"https:\/\/semujer.gob.hn\/index.php\/wp-json\/wp\/v2\/users\/1"}],"replies":[{"embeddable":true,"href":"https:\/\/semujer.gob.hn\/index.php\/wp-json\/wp\/v2\/comments?post=176"}],"version-history":[{"count":7,"href":"https:\/\/semujer.gob.hn\/index.php\/wp-json\/wp\/v2\/pages\/176\/revisions"}],"predecessor-version":[{"id":184,"href":"https:\/\/semujer.gob.hn\/index.php\/wp-json\/wp\/v2\/pages\/176\/revisions\/184"}],"wp:attachment":[{"href":"https:\/\/semujer.gob.hn\/index.php\/wp-json\/wp\/v2\/media?parent=176"}],"curies":[{"name":"wp","href":"https:\/\/api.w.org\/{rel}","templated":true}]}}